{"id":8691,"date":"2022-09-06T11:05:42","date_gmt":"2022-09-06T11:05:42","guid":{"rendered":"https:\/\/sapsan.wodc.net\/?post_type=product&#038;p=8691"},"modified":"2022-09-10T08:41:45","modified_gmt":"2022-09-10T08:41:45","slug":"kendinden-vidali-firca-sapi-130cm","status":"publish","type":"product","link":"https:\/\/sapsan.com.tr\/tr\/urun\/kendinden-vidali-firca-sapi-130cm\/","title":{"rendered":"Kendinden Vidal\u0131 F\u0131r\u00e7a Sap\u0131 130cm"},"content":{"rendered":"\t\t<div data-elementor-type=\"wp-post\" data-elementor-id=\"8691\" class=\"elementor elementor-8691\">\n\t\t\t\t\t\t\t\t\t<section class=\"elementor-section elementor-top-section elementor-element elementor-element-51230d5 elementor-section-boxed elementor-section-height-default elementor-section-height-default wd-section-disabled\" data-id=\"51230d5\" data-element_type=\"section\">\n\t\t\t\t\t\t<div class=\"elementor-container elementor-column-gap-default\">\n\t\t\t\t\t<div class=\"elementor-column elementor-col-33 elementor-top-column elementor-element elementor-element-a1943a3\" data-id=\"a1943a3\" data-element_type=\"column\">\n\t\t\t<div class=\"elementor-widget-wrap elementor-element-populated\">\n\t\t\t\t\t\t\t\t<div class=\"elementor-element elementor-element-0998c38 elementor-widget elementor-widget-wd_image_or_svg\" data-id=\"0998c38\" data-element_type=\"widget\" data-widget_type=\"wd_image_or_svg.default\">\n\t\t\t\t<div class=\"elementor-widget-container\">\n\t\t\t\n\t\t<div class=\"wd-image text-left\">\n\t\t\t\t\t\t\t\t<img loading=\"lazy\" decoding=\"async\" width=\"879\" height=\"1000\" src=\"https:\/\/sapsan.com.tr\/tr\/wp-content\/uploads\/2022\/09\/E2140-115-2-A.jpg\" class=\"attachment-full size-full wp-image-8787\" alt=\"\" srcset=\"https:\/\/sapsan.com.tr\/tr\/wp-content\/uploads\/2022\/09\/E2140-115-2-A.jpg 879w, https:\/\/sapsan.com.tr\/tr\/wp-content\/uploads\/2022\/09\/E2140-115-2-A-264x300.jpg 264w, https:\/\/sapsan.com.tr\/tr\/wp-content\/uploads\/2022\/09\/E2140-115-2-A-703x800.jpg 703w, https:\/\/sapsan.com.tr\/tr\/wp-content\/uploads\/2022\/09\/E2140-115-2-A-768x874.jpg 768w, https:\/\/sapsan.com.tr\/tr\/wp-content\/uploads\/2022\/09\/E2140-115-2-A-860x978.jpg 860w, https:\/\/sapsan.com.tr\/tr\/wp-content\/uploads\/2022\/09\/E2140-115-2-A-430x489.jpg 430w, https:\/\/sapsan.com.tr\/tr\/wp-content\/uploads\/2022\/09\/E2140-115-2-A-700x796.jpg 700w, https:\/\/sapsan.com.tr\/tr\/wp-content\/uploads\/2022\/09\/E2140-115-2-A-150x171.jpg 150w\" sizes=\"auto, (max-width: 879px) 100vw, 879px\" \/>\t\t\t\t\t<\/div>\n\n\t\t\t\t<\/div>\n\t\t\t\t<\/div>\n\t\t\t\t\t<\/div>\n\t\t<\/div>\n\t\t\t\t<div class=\"elementor-column elementor-col-33 elementor-top-column elementor-element elementor-element-f270a20\" data-id=\"f270a20\" data-element_type=\"column\">\n\t\t\t<div class=\"elementor-widget-wrap elementor-element-populated\">\n\t\t\t\t\t\t\t\t<div class=\"elementor-element elementor-element-888ee5d elementor-widget elementor-widget-wd_image_or_svg\" data-id=\"888ee5d\" data-element_type=\"widget\" data-widget_type=\"wd_image_or_svg.default\">\n\t\t\t\t<div class=\"elementor-widget-container\">\n\t\t\t\n\t\t<div class=\"wd-image text-left\">\n\t\t\t\t\t\t\t\t<img loading=\"lazy\" decoding=\"async\" width=\"879\" height=\"1000\" src=\"https:\/\/sapsan.com.tr\/tr\/wp-content\/uploads\/2022\/09\/E2140-115-2-C.jpg\" class=\"attachment-full size-full wp-image-8797\" alt=\"\" srcset=\"https:\/\/sapsan.com.tr\/tr\/wp-content\/uploads\/2022\/09\/E2140-115-2-C.jpg 879w, https:\/\/sapsan.com.tr\/tr\/wp-content\/uploads\/2022\/09\/E2140-115-2-C-264x300.jpg 264w, https:\/\/sapsan.com.tr\/tr\/wp-content\/uploads\/2022\/09\/E2140-115-2-C-703x800.jpg 703w, https:\/\/sapsan.com.tr\/tr\/wp-content\/uploads\/2022\/09\/E2140-115-2-C-768x874.jpg 768w, https:\/\/sapsan.com.tr\/tr\/wp-content\/uploads\/2022\/09\/E2140-115-2-C-860x978.jpg 860w, https:\/\/sapsan.com.tr\/tr\/wp-content\/uploads\/2022\/09\/E2140-115-2-C-430x489.jpg 430w, https:\/\/sapsan.com.tr\/tr\/wp-content\/uploads\/2022\/09\/E2140-115-2-C-700x796.jpg 700w, https:\/\/sapsan.com.tr\/tr\/wp-content\/uploads\/2022\/09\/E2140-115-2-C-150x171.jpg 150w\" sizes=\"auto, (max-width: 879px) 100vw, 879px\" \/>\t\t\t\t\t<\/div>\n\n\t\t\t\t<\/div>\n\t\t\t\t<\/div>\n\t\t\t\t\t<\/div>\n\t\t<\/div>\n\t\t\t\t<div class=\"elementor-column elementor-col-33 elementor-top-column elementor-element elementor-element-df16a11\" data-id=\"df16a11\" data-element_type=\"column\">\n\t\t\t<div class=\"elementor-widget-wrap elementor-element-populated\">\n\t\t\t\t\t\t\t\t<div class=\"elementor-element elementor-element-8785f51 elementor-widget elementor-widget-wd_image_or_svg\" data-id=\"8785f51\" data-element_type=\"widget\" data-widget_type=\"wd_image_or_svg.default\">\n\t\t\t\t<div class=\"elementor-widget-container\">\n\t\t\t\n\t\t<div class=\"wd-image text-left\">\n\t\t\t\t\t\t\t\t<img loading=\"lazy\" decoding=\"async\" width=\"879\" height=\"1000\" src=\"https:\/\/sapsan.com.tr\/tr\/wp-content\/uploads\/2022\/09\/E2140-115-2-B.jpg\" class=\"attachment-full size-full wp-image-8788\" alt=\"\" srcset=\"https:\/\/sapsan.com.tr\/tr\/wp-content\/uploads\/2022\/09\/E2140-115-2-B.jpg 879w, https:\/\/sapsan.com.tr\/tr\/wp-content\/uploads\/2022\/09\/E2140-115-2-B-264x300.jpg 264w, https:\/\/sapsan.com.tr\/tr\/wp-content\/uploads\/2022\/09\/E2140-115-2-B-703x800.jpg 703w, https:\/\/sapsan.com.tr\/tr\/wp-content\/uploads\/2022\/09\/E2140-115-2-B-768x874.jpg 768w, https:\/\/sapsan.com.tr\/tr\/wp-content\/uploads\/2022\/09\/E2140-115-2-B-860x978.jpg 860w, https:\/\/sapsan.com.tr\/tr\/wp-content\/uploads\/2022\/09\/E2140-115-2-B-430x489.jpg 430w, https:\/\/sapsan.com.tr\/tr\/wp-content\/uploads\/2022\/09\/E2140-115-2-B-700x796.jpg 700w, https:\/\/sapsan.com.tr\/tr\/wp-content\/uploads\/2022\/09\/E2140-115-2-B-150x171.jpg 150w\" sizes=\"auto, (max-width: 879px) 100vw, 879px\" \/>\t\t\t\t\t<\/div>\n\n\t\t\t\t<\/div>\n\t\t\t\t<\/div>\n\t\t\t\t\t<\/div>\n\t\t<\/div>\n\t\t\t\t\t\t\t<\/div>\n\t\t<\/section>\n\t\t\t\t\t\t\t<\/div>\n\t\t","protected":false},"excerpt":{"rendered":"<table style=\"border: 0px; border-collapse: collapse;\" width=\"350\">\n<tbody>\n<tr>\n<td><strong>\u00dcr\u00fcn Kodu<\/strong><\/td>\n<td>:<\/td>\n<td><strong>E2240-130<\/strong><\/td>\n<\/tr>\n<tr>\n<td><strong>Uzunluk<\/strong><\/td>\n<td>:<\/td>\n<td>130cm<\/td>\n<\/tr>\n<tr>\n<td><strong>Kaplama<\/strong><\/td>\n<td>:<\/td>\n<td>Elektrostatik Toz Boya<\/td>\n<\/tr>\n<tr>\n<td><strong>Sac Kal\u0131nl\u0131\u011f\u0131<\/strong><\/td>\n<td>:<\/td>\n<td>0,40 mm<\/td>\n<\/tr>\n<tr>\n<td><strong>Boru \u00c7ap\u0131<\/strong><\/td>\n<td>:<\/td>\n<td>22 mm<\/td>\n<\/tr>\n<tr>\n<td><strong>Koli \u0130\u00e7i Adet<\/strong><\/td>\n<td>:<\/td>\n<td>25 Adet<\/td>\n<\/tr>\n<tr>\n<td><strong>Palet \u0130\u00e7i Adet<\/strong><\/td>\n<td>:<\/td>\n<td>5000 Adet<\/td>\n<\/tr>\n<tr>\n<td><strong>Palet \u00d6l\u00e7\u00fcleri<\/strong><\/td>\n<td>:<\/td>\n<td>120cm x 130cm x 280cm (h)<\/td>\n<\/tr>\n<tr>\n<td><strong>m\u00b3 Adet<\/strong><\/td>\n<td>:<\/td>\n<td>1145 Adet<\/td>\n<\/tr>\n<tr>\n<td><strong>Adet A\u011f\u0131rl\u0131\u011f\u0131<\/strong><\/td>\n<td>:<\/td>\n<td>+ \/ &#8211; 293 Gr<\/td>\n<\/tr>\n<tr>\n<td><strong>Palet A\u011f\u0131rl\u0131\u011f\u0131<\/strong><\/td>\n<td>:<\/td>\n<td>+ \/ &#8211; 1470Kg<\/td>\n<\/tr>\n<tr>\n<td><strong>\u00dcr\u00fcn Barkodu<\/strong><\/td>\n<td>:<\/td>\n<td>E2240-117<\/td>\n<\/tr>\n<\/tbody>\n<\/table>\n","protected":false},"featured_media":8721,"template":"","meta":[],"product_cat":[20,73],"product_tag":[],"class_list":["post-8691","product","type-product","status-publish","has-post-thumbnail","hentry","product_cat-firca-saplari","product_cat-tum-urunler"],"_links":{"self":[{"href":"https:\/\/sapsan.com.tr\/tr\/wp-json\/wp\/v2\/product\/8691","targetHints":{"allow":["GET"]}}],"collection":[{"href":"https:\/\/sapsan.com.tr\/tr\/wp-json\/wp\/v2\/product"}],"about":[{"href":"https:\/\/sapsan.com.tr\/tr\/wp-json\/wp\/v2\/types\/product"}],"version-history":[{"count":7,"href":"https:\/\/sapsan.com.tr\/tr\/wp-json\/wp\/v2\/product\/8691\/revisions"}],"predecessor-version":[{"id":8810,"href":"https:\/\/sapsan.com.tr\/tr\/wp-json\/wp\/v2\/product\/8691\/revisions\/8810"}],"wp:featuredmedia":[{"embeddable":true,"href":"https:\/\/sapsan.com.tr\/tr\/wp-json\/wp\/v2\/media\/8721"}],"wp:attachment":[{"href":"https:\/\/sapsan.com.tr\/tr\/wp-json\/wp\/v2\/media?parent=8691"}],"wp:term":[{"taxonomy":"product_cat","embeddable":true,"href":"https:\/\/sapsan.com.tr\/tr\/wp-json\/wp\/v2\/product_cat?post=8691"},{"taxonomy":"product_tag","embeddable":true,"href":"https:\/\/sapsan.com.tr\/tr\/wp-json\/wp\/v2\/product_tag?post=8691"}],"curies":[{"name":"wp","href":"https:\/\/api.w.org\/{rel}","templated":true}]}}